{"id":87230,"date":"2021-01-03T03:32:27","date_gmt":"2021-01-03T11:32:27","guid":{"rendered":"https:\/\/www.wines.com\/shop\/product\/clos-du-mont-olivet-cotes-du-rhone-vieilles-vignes-2018-750ml\/"},"modified":"2021-01-03T03:32:31","modified_gmt":"2021-01-03T11:32:31","slug":"clos-du-mont-olivet-cotes-du-rhone-vieilles-vignes-2018-750ml","status":"publish","type":"product","link":"https:\/\/www.wines.com\/shop\/product\/clos-du-mont-olivet-cotes-du-rhone-vieilles-vignes-2018-750ml\/","title":{"rendered":"Clos Du Mont Olivet Cotes Du Rhone Vieilles Vignes 2018 750ml"},"content":{"rendered":"","protected":false},"excerpt":{"rendered":"<p>Clos Du Mont Olivet Cotes Du Rhone Vieilles Vignes 2018 750ml<br \/>\nRated 89-91 &#8211; Mostly Grenache (there are small amounts of Syrah, Cinsault, Mourv\u00e8dre, and Carignan), the 2018 C\u00f4tes Du Rh\u00f4ne Vieilles Vignes is a classic effort well worth seeking out. Beautiful cherry and mulled blackberry fruits, violets, and pepper garrigue give way to a polished, ripe, sexy C\u00f4tes Du Rh\u00f4ne in a classic, balanced, straight-up delicious style that&#8217;s going to keep for 4-5 years. &#8211; Jeb Dunnuck<br \/> <strong>Size : <\/strong> 750ml <br \/><strong>Country : <\/strong> France <br \/><strong>Region : <\/strong> Rhone Valley<\/p>\n","protected":false},"featured_media":87231,"comment_status":"closed","ping_status":"open","template":"","meta":[],"_links":{"self":[{"href":"https:\/\/www.wines.com\/shop\/wp-json\/wp\/v2\/product\/87230"}],"collection":[{"href":"https:\/\/www.wines.com\/shop\/wp-json\/wp\/v2\/product"}],"about":[{"href":"https:\/\/www.wines.com\/shop\/wp-json\/wp\/v2\/types\/product"}],"replies":[{"embeddable":true,"href":"https:\/\/www.wines.com\/shop\/wp-json\/wp\/v2\/comments?post=87230"}],"wp:featuredmedia":[{"embeddable":true,"href":"https:\/\/www.wines.com\/shop\/wp-json\/wp\/v2\/media\/87231"}],"wp:attachment":[{"href":"https:\/\/www.wines.com\/shop\/wp-json\/wp\/v2\/media?parent=87230"}],"curies":[{"name":"wp","href":"https:\/\/api.w.org\/{rel}","templated":true}]}}