{"id":86253,"date":"2020-12-19T16:53:42","date_gmt":"2020-12-20T00:53:42","guid":{"rendered":"https:\/\/www.wines.com\/shop\/product\/simi-chardonnay-sonoma-coast-2019-750ml\/"},"modified":"2020-12-19T16:54:13","modified_gmt":"2020-12-20T00:54:13","slug":"simi-chardonnay-sonoma-coast-2019-750ml","status":"publish","type":"product","link":"https:\/\/www.wines.com\/shop\/product\/simi-chardonnay-sonoma-coast-2019-750ml\/","title":{"rendered":"Simi Chardonnay Sonoma Coast 2019 750ml"},"content":{"rendered":"","protected":false},"excerpt":{"rendered":"<p>Simi Chardonnay Sonoma Coast 2019 750ml<br \/>\nThe hue of this Chardonnay is a brilliant light straw color. The nose opens with expressive notes of citrus, lemon peel, cr\u00e8me br\u00fbl\u00e9e, and honey. It all comes together on the palate with yellow apple, lemons, roasted marshmallow, and hazelnut. The mouthfeel balances a vivid acidity with a cool minerality on the finish.<br \/> <strong>Size : <\/strong> 750ml <br \/><strong>Country : <\/strong> United States <br \/><strong>Region : <\/strong> California<\/p>\n","protected":false},"featured_media":86254,"comment_status":"closed","ping_status":"open","template":"","meta":[],"_links":{"self":[{"href":"https:\/\/www.wines.com\/shop\/wp-json\/wp\/v2\/product\/86253"}],"collection":[{"href":"https:\/\/www.wines.com\/shop\/wp-json\/wp\/v2\/product"}],"about":[{"href":"https:\/\/www.wines.com\/shop\/wp-json\/wp\/v2\/types\/product"}],"replies":[{"embeddable":true,"href":"https:\/\/www.wines.com\/shop\/wp-json\/wp\/v2\/comments?post=86253"}],"wp:featuredmedia":[{"embeddable":true,"href":"https:\/\/www.wines.com\/shop\/wp-json\/wp\/v2\/media\/86254"}],"wp:attachment":[{"href":"https:\/\/www.wines.com\/shop\/wp-json\/wp\/v2\/media?parent=86253"}],"curies":[{"name":"wp","href":"https:\/\/api.w.org\/{rel}","templated":true}]}}