{"id":74863,"date":"2021-01-03T02:33:04","date_gmt":"2021-01-03T10:33:04","guid":{"rendered":"https:\/\/www.wines.com\/shop\/product\/rene-geoffroy-champagne-cuvee-volupte-2012-750ml\/"},"modified":"2021-01-03T02:33:16","modified_gmt":"2021-01-03T10:33:16","slug":"rene-geoffroy-champagne-cuvee-volupte-2012-750ml","status":"publish","type":"product","link":"https:\/\/www.wines.com\/shop\/product\/rene-geoffroy-champagne-cuvee-volupte-2012-750ml\/","title":{"rendered":"Rene Geoffroy Champagne Cuvee Volupte 2012 750ml"},"content":{"rendered":"","protected":false},"excerpt":{"rendered":"<p>Rene Geoffroy Champagne Cuvee Volupte 2012 750ml<br \/>\nRated 94 &#8211; The 2012 Brut Cuv\u00e9e Volupt\u00e9 is 100% Chardonnay from the Tourne Midi and Ch\u00eanes lieux-dits in Cumi\u00e8res. Partial vinification in wood for the Chardonnay from Les Ch\u00eanes gives the Volupt\u00e9 lovely radiance and raciness. A wine of real depth, Volupt\u00e9 shows an utterly captivating side of Chardonnay where structure and vertical build play off more typical varietal flavors. This is such a gorgeous wine. Dosage is 3 grams per liter. Disgorged: December, 2019.<br \/> <strong>Size : <\/strong> 750ml <br \/><strong>Country : <\/strong> France <br \/><strong>Region : <\/strong> Champagne<\/p>\n","protected":false},"featured_media":74864,"comment_status":"closed","ping_status":"open","template":"","meta":[],"_links":{"self":[{"href":"https:\/\/www.wines.com\/shop\/wp-json\/wp\/v2\/product\/74863"}],"collection":[{"href":"https:\/\/www.wines.com\/shop\/wp-json\/wp\/v2\/product"}],"about":[{"href":"https:\/\/www.wines.com\/shop\/wp-json\/wp\/v2\/types\/product"}],"replies":[{"embeddable":true,"href":"https:\/\/www.wines.com\/shop\/wp-json\/wp\/v2\/comments?post=74863"}],"wp:featuredmedia":[{"embeddable":true,"href":"https:\/\/www.wines.com\/shop\/wp-json\/wp\/v2\/media\/74864"}],"wp:attachment":[{"href":"https:\/\/www.wines.com\/shop\/wp-json\/wp\/v2\/media?parent=74863"}],"curies":[{"name":"wp","href":"https:\/\/api.w.org\/{rel}","templated":true}]}}