{"id":71229,"date":"2021-01-03T02:11:54","date_gmt":"2021-01-03T10:11:54","guid":{"rendered":"https:\/\/www.wines.com\/shop\/product\/a-margaine-champagne-rose-de-saignee-2012-750ml\/"},"modified":"2021-01-03T02:12:01","modified_gmt":"2021-01-03T10:12:01","slug":"a-margaine-champagne-rose-de-saignee-2012-750ml","status":"publish","type":"product","link":"https:\/\/www.wines.com\/shop\/product\/a-margaine-champagne-rose-de-saignee-2012-750ml\/","title":{"rendered":"A. Margaine Champagne Rose De Saignee 2012 750ml"},"content":{"rendered":"","protected":false},"excerpt":{"rendered":"<p>A. Margaine Champagne Rose De Saignee 2012 750ml<br \/>\nRated 90 &#8211; The 2012 Brut Ros\u00e9 de Saign\u00e9e is laced with a whole range of red berry, orange peel, cinnamon and mint nuances that give it a distinctly exotic feel. I find the Saign\u00e9e a bit ethereal and also diffuse. Overall, this is a pretty restrained, laid-back style of 2012 Ros\u00e9 de Saign\u00e9e that does not, in my view, capture the sheer vinosity that makes the best wines in this style so exciting. Disgorged: September, 2018.<br \/> <strong>Size : <\/strong> 750ml <br \/><strong>Country : <\/strong> France <br \/><strong>Region : <\/strong> Champagne<\/p>\n","protected":false},"featured_media":71230,"comment_status":"closed","ping_status":"open","template":"","meta":[],"_links":{"self":[{"href":"https:\/\/www.wines.com\/shop\/wp-json\/wp\/v2\/product\/71229"}],"collection":[{"href":"https:\/\/www.wines.com\/shop\/wp-json\/wp\/v2\/product"}],"about":[{"href":"https:\/\/www.wines.com\/shop\/wp-json\/wp\/v2\/types\/product"}],"replies":[{"embeddable":true,"href":"https:\/\/www.wines.com\/shop\/wp-json\/wp\/v2\/comments?post=71229"}],"wp:featuredmedia":[{"embeddable":true,"href":"https:\/\/www.wines.com\/shop\/wp-json\/wp\/v2\/media\/71230"}],"wp:attachment":[{"href":"https:\/\/www.wines.com\/shop\/wp-json\/wp\/v2\/media?parent=71229"}],"curies":[{"name":"wp","href":"https:\/\/api.w.org\/{rel}","templated":true}]}}